{"id":116,"date":"2019-02-07T17:52:30","date_gmt":"2019-02-07T16:52:30","guid":{"rendered":"http:\/\/test.jebensmensching.com\/?page_id=116"},"modified":"2025-01-06T13:17:19","modified_gmt":"2025-01-06T12:17:19","slug":"kontakt","status":"publish","type":"page","link":"https:\/\/jebensmensching.com\/en\/kontakt\/","title":{"rendered":"Contact"},"content":{"rendered":"<section class=\"wpb-content-wrapper\"><section class=\"vc_row wpb_row vc_row-fluid parallax-section\"><div class=\"row-parallax-bg\">\n  <div class=\"parallax-wrapper\">\n    <div class=\"parallax-bg\" style=\"background-image: url(https:\/\/jebensmensching.com\/wp-content\/uploads\/2019\/04\/JM-Header_Karriere-Kontakt-Full.jpg);\"><\/div>\n    <div class=\"parallax-overlay\"  ><\/div>\n  <\/div>\n  <\/div><div class=\"centrize\"><div class=\"v-center\"><div class=\"container\"><div class=\"wpb_column vc_column_container vc_col-sm-12\" ><div class=\"vc_column-inner\"><div class=\"wpb_wrapper\"><\/div><\/div><\/div><\/div><\/div><\/div><\/section><section class=\"vc_row wpb_row vc_row-fluid\"><div class=\"container\"><div class=\"wpb_column vc_column_container vc_col-sm-12 vc_col-md-offset-2 vc_col-md-8\" id=\"contact_font\" ><div class=\"vc_column-inner\"><div class=\"wpb_wrapper\"><h4 style=\"font-size: 17px;color: #92c56e;text-align: center;font-family:Montserrat;font-weight:400;font-style:normal\" class=\"vc_custom_heading vc_custom_1555514888378\" >CONTACT<\/h4>\n  <div class=\"wpb_text_column wpb_content_element   bluegrey\" >\n    <div class=\"wpb_wrapper\">\n      <h3 style=\"text-align: center;\">We have an open ear for your concerns<\/h3>\n\n    <\/div>\n  <\/div>\n<div class=\"vc_empty_space\"   style=\"height: 15px\"><span class=\"vc_empty_space_inner\"><\/span><\/div>\n  <div class=\"wpb_text_column wpb_content_element\" >\n    <div class=\"wpb_wrapper\">\n      <p style=\"text-align: center;\"><strong><span style=\"color: #333333;\">You need more information? Or already have the feeling that this could fit? We are looking forward to your call or your e-mail.<\/span><\/strong><\/p>\n\n    <\/div>\n  <\/div>\n<div class=\"vc_empty_space\"   style=\"height: 65px\"><span class=\"vc_empty_space_inner\"><\/span><\/div>\n  <div class=\"wpb_text_column wpb_content_element\" >\n    <div class=\"wpb_wrapper\">\n      <p style=\"text-align: center;\"><strong>JEBENS MENSCHING PartG mbB<\/strong><br \/>\nRechtsanw\u00e4lte, Steuerberater<\/p>\n\n    <\/div>\n  <\/div>\n<div class=\"vc_empty_space\"   style=\"height: 15px\"><span class=\"vc_empty_space_inner\"><\/span><\/div>\n  <div class=\"wpb_text_column wpb_content_element\" >\n    <div class=\"wpb_wrapper\">\n      <p style=\"text-align: center;\">Gro\u00dfer Burstah 45<br \/>\n20457 Hamburg<\/p>\n\n    <\/div>\n  <\/div>\n<div class=\"vc_empty_space\"   style=\"height: 15px\"><span class=\"vc_empty_space_inner\"><\/span><\/div>\n  <div class=\"wpb_text_column wpb_content_element\" >\n    <div class=\"wpb_wrapper\">\n      <p style=\"text-align: center;\">T +49 40 3252166-0<br \/>\n<a href=\"mailto:info@jebensmensching.com\">info@jebensmensching.com<\/a><\/p>\n\n    <\/div>\n  <\/div>\n<div class=\"vc_empty_space\"   style=\"height: 35px\"><span class=\"vc_empty_space_inner\"><\/span><\/div><div class=\"btn-container text-center\"><a  href=\"https:\/\/goo.gl\/maps\/U1tNvPCspw52\" class=\"btn btn-color no-radius\" target=\"_blank\"  >Google Maps<\/a><\/div><\/div><\/div><\/div><\/div><\/section><section class=\"vc_row wpb_row vc_row-fluid\"><div class=\"container\"><div class=\"wpb_column vc_column_container vc_col-sm-12\" ><div class=\"vc_column-inner\"><div class=\"wpb_wrapper\"><div class=\"vc_empty_space\"   style=\"height: 250px\"><span class=\"vc_empty_space_inner\"><\/span><\/div><\/div><\/div><\/div><\/div><\/section>\n<\/section>","protected":false},"excerpt":{"rendered":"KONTAKT Offen f\u00fcr Ihre Anliegen Sie m\u00f6chten gern noch mehr wissen? Oder haben jetzt schon das Gef\u00fchl, das k\u00f6nnte passen? Wir freuen uns auf Ihren Anruf oder Ihre E-Mail. JEBENS MENSCHING PartG mbB Rechtsanw\u00e4lte, Steuerberater Gro\u00dfer Burstah 45 20457 Hamburg T +49 40 3252166-0 info@jebensmensching.com Google Maps","protected":false},"author":1,"featured_media":0,"parent":0,"menu_order":2,"comment_status":"closed","ping_status":"closed","template":"","meta":{"footnotes":""},"class_list":["post-116","page","type-page","status-publish","hentry"],"aioseo_notices":[],"_links":{"self":[{"href":"https:\/\/jebensmensching.com\/en\/wp-json\/wp\/v2\/pages\/116","targetHints":{"allow":["GET"]}}],"collection":[{"href":"https:\/\/jebensmensching.com\/en\/wp-json\/wp\/v2\/pages"}],"about":[{"href":"https:\/\/jebensmensching.com\/en\/wp-json\/wp\/v2\/types\/page"}],"author":[{"embeddable":true,"href":"https:\/\/jebensmensching.com\/en\/wp-json\/wp\/v2\/users\/1"}],"replies":[{"embeddable":true,"href":"https:\/\/jebensmensching.com\/en\/wp-json\/wp\/v2\/comments?post=116"}],"version-history":[{"count":70,"href":"https:\/\/jebensmensching.com\/en\/wp-json\/wp\/v2\/pages\/116\/revisions"}],"predecessor-version":[{"id":2452,"href":"https:\/\/jebensmensching.com\/en\/wp-json\/wp\/v2\/pages\/116\/revisions\/2452"}],"wp:attachment":[{"href":"https:\/\/jebensmensching.com\/en\/wp-json\/wp\/v2\/media?parent=116"}],"curies":[{"name":"wp","href":"https:\/\/api.w.org\/{rel}","templated":true}]}}