{"id":285,"date":"2019-02-27T12:43:03","date_gmt":"2019-02-27T11:43:03","guid":{"rendered":"http:\/\/test.jebensmensching.com\/?page_id=285"},"modified":"2025-03-31T14:34:52","modified_gmt":"2025-03-31T12:34:52","slug":"impressum","status":"publish","type":"page","link":"https:\/\/jebensmensching.com\/en\/impressum\/","title":{"rendered":"Impressum"},"content":{"rendered":"<section class=\"wpb-content-wrapper\"><section class=\"vc_row wpb_row vc_row-fluid parallax-section\"><div class=\"row-parallax-bg\">\n  <div class=\"parallax-wrapper\">\n    <div class=\"parallax-bg\" style=\"background-image: url(https:\/\/jebensmensching.com\/wp-content\/uploads\/2019\/04\/JM-Header_Karriere-Kontakt-Full.jpg);\"><\/div>\n    <div class=\"parallax-overlay\"  ><\/div>\n  <\/div>\n  <\/div><div class=\"centrize\"><div class=\"v-center\"><div class=\"container\"><div class=\"wpb_column vc_column_container vc_col-sm-12\" ><div class=\"vc_column-inner\"><div class=\"wpb_wrapper\"><\/div><\/div><\/div><\/div><\/div><\/div><\/section><section class=\"vc_row wpb_row vc_row-fluid\"><div class=\"container\"><div class=\"wpb_column vc_column_container vc_col-sm-10\" ><div class=\"vc_column-inner\"><div class=\"wpb_wrapper\"><h4 style=\"font-size: 18px;color: #92c56e;text-align: left;font-family:Montserrat;font-weight:400;font-style:normal\" class=\"vc_custom_heading\" >IMPRINT<\/h4><div class=\"vc_empty_space\"   style=\"height: 32px\"><span class=\"vc_empty_space_inner\"><\/span><\/div>\n  <div class=\"wpb_text_column wpb_content_element\" >\n    <div class=\"wpb_wrapper\">\n      <p style=\"text-align: left;\"><b>Pflichtangabgen nach \u00a7 6 Teledienstgesetz (TDG) und sonstige Hinweise<\/b><\/p>\n<p><b>Name, legal form<\/b><br \/>\nJebens Mensching PartG mbB Rechtsanw\u00e4lte, Steuerberater. Die Jebens Mensching PartG mbB Rechtsanw\u00e4lte, Steuerberater ist eine Partnerschaftsgesellschaft mit beschr\u00e4nkter Berufshaftung.<\/p>\n<p><b>Company seat and registration<\/b><br \/>\nThe partnership\u2019s seat is Hamburg. It is registered under registration number PR 1251 at local court Hamburg.<\/p>\n<p>The address of our office is:<br \/>\nGro\u00dfer Burstah 45<br \/>\n20457 Hamburg<\/p>\n<p>Phone: +49 40 3252166-0<br \/>\nFax: +49 40 3252166-66<\/p>\n<p><a href=\"mailto:info@jebensmensching.com\">info@jebensmensching.com<\/a><\/p>\n<p><b>Partners<\/b><br \/>\nPartner der Gesellschaft sind Bendix Christians, Hans-Thomas Nehlep, Reemt Pottmann, Dr. Marius Eckebrecht, Dr. Sarah Gr\u00f6bli, Martin Richter, Christian Ohler und Jennifer Maiworm.<\/p>\n<p><b>Official occupational title<\/b><br \/>\nRechtsanw\u00e4lte (Bundesrepublik Deutschland)<\/p>\n<p>Steuerberater (Reemt Pottmann)<\/p>\n<p><b>Competent chambers<\/b><\/p>\n<p><b>Chamber of Lawyers<\/b><br \/>\nHanseatische Rechtsanwaltskammer<br \/>\nBleichenbr\u00fccke 9<br \/>\n20354 Hamburg<\/p>\n<p><strong>Chamber of Tax Advisors<\/strong><br \/>\nSteuerberaterkammer Hamburg<br \/>\nRaboisen 32<br \/>\n20095 Hamburg<\/p>\n<p><b>Applicable professional law regulations<\/b><\/p>\n<p><b>Applicable professional law regulations for lawyers admitted in Germany:<\/b><br \/>\nRules of the profession, rules for lawyers, laws governing compensation for lawyers\nThese provisions are available under www.brak.de <a class=\"external-link-new-window\" title=\"Opens external link in new window\" href=\"http:\/\/www.brak.de\/\" target=\"_blank\" rel=\"noopener noreferrer\">www.brak.de<\/a><\/p>\n<p class=\"translation-block\">Tax Counseling Act, Tax Counseling Act Implementing Ordinance, professional rules for tax advisors, rules governing fees of tax advisors. These provisions are available under http:\/\/www.bstbk.de (here under downloads\/Berufsrecht)<\/p>\n<p><b>VAT registration number in acc. with \u00a7 27a German Value Added Tax Act (UStG)\nDE 321508776<\/b><br \/>\nDE 321508776<\/p>\n<p><b>Copyright<\/b><br \/>\nDas Urheberrecht an dem Inhalt dieser Webseite und Teilen davon steht der Jebens Mensching PartG mbB Rechtsanw\u00e4lte, Steuerberater oder demjenigen zu, der der Jebens Mensching PartG mbB Rechtsanw\u00e4lte, Steuerberater die entsprechenden Nutzungsrechte einger\u00e4umt hat. Einzelne Teile dieser Webseite d\u00fcrfen zum ausschlie\u00dflichen Gebrauch innerhalb Ihres Unternehmens heruntergeladen, vor\u00fcbergehend gespeichert und ausgedruckt werden. Jede andere Vervielf\u00e4ltigung, \u00dcbertragung oder Verbreitung jeglichen Inhalts dieser Webseite, insbesondere durch Herunterladen, Speichern oder Ausdrucken, ist ohne die vorherige schriftliche Zustimmung der Jebens Mensching PartG mbB Rechtsanw\u00e4lte, Steuerberater nicht gestattet.<\/p>\n<p><b>Information and Liability<\/b><br \/>\nThe information contained in external links has not been examined. Any liability connected with the use of and the trust in such links is therefore excluded. The information contained on this website and especially on the clients\u2019 site is for general information purposes only and does not constitute any advice.<\/p>\n<p><b>Applicable Law<\/b><br \/>\nBoth the legal information contained on this website and any dispute arising in connection with this website are governed by the laws of the Federal Republic of Germany.<\/p>\n\n    <\/div>\n  <\/div>\n<\/div><\/div><\/div><div class=\"wpb_column vc_column_container vc_col-sm-2\" ><div class=\"vc_column-inner\"><div class=\"wpb_wrapper\"><\/div><\/div><\/div><\/div><\/section>\n<\/section>","protected":false},"excerpt":{"rendered":"IMPRESSUM Pflichtangabgen nach \u00a7 6 Teledienstgesetz (TDG) und sonstige Hinweise Name, Rechtsform Jebens Mensching PartG mbB Rechtsanw\u00e4lte, Steuerberater. Die Jebens Mensching PartG mbB Rechtsanw\u00e4lte, Steuerberater ist eine Partnerschaftsgesellschaft mit beschr\u00e4nkter Berufshaftung. Sitz und Registrierung Sitz der Gesellschaft ist Hamburg. Sie ist eingetragen im Partnerschaftsregister des Amtsgerichts Hamburg unter der Registernummer PR 1251. Die Anschrift des [...]","protected":false},"author":1,"featured_media":0,"parent":0,"menu_order":5,"comment_status":"closed","ping_status":"closed","template":"","meta":{"footnotes":""},"class_list":["post-285","page","type-page","status-publish","hentry"],"aioseo_notices":[],"_links":{"self":[{"href":"https:\/\/jebensmensching.com\/en\/wp-json\/wp\/v2\/pages\/285","targetHints":{"allow":["GET"]}}],"collection":[{"href":"https:\/\/jebensmensching.com\/en\/wp-json\/wp\/v2\/pages"}],"about":[{"href":"https:\/\/jebensmensching.com\/en\/wp-json\/wp\/v2\/types\/page"}],"author":[{"embeddable":true,"href":"https:\/\/jebensmensching.com\/en\/wp-json\/wp\/v2\/users\/1"}],"replies":[{"embeddable":true,"href":"https:\/\/jebensmensching.com\/en\/wp-json\/wp\/v2\/comments?post=285"}],"version-history":[{"count":36,"href":"https:\/\/jebensmensching.com\/en\/wp-json\/wp\/v2\/pages\/285\/revisions"}],"predecessor-version":[{"id":2493,"href":"https:\/\/jebensmensching.com\/en\/wp-json\/wp\/v2\/pages\/285\/revisions\/2493"}],"wp:attachment":[{"href":"https:\/\/jebensmensching.com\/en\/wp-json\/wp\/v2\/media?parent=285"}],"curies":[{"name":"wp","href":"https:\/\/api.w.org\/{rel}","templated":true}]}}